{"id":1213,"date":"2022-09-26T11:24:49","date_gmt":"2022-09-26T09:24:49","guid":{"rendered":"http:\/\/amochlorophylle.be\/?page_id=1213"},"modified":"2025-07-02T10:30:00","modified_gmt":"2025-07-02T08:30:00","slug":"bulle","status":"publish","type":"page","link":"https:\/\/amochlorophylle.be\/?page_id=1213","title":{"rendered":"Bulle"},"content":{"rendered":"\n<p><\/p>\n\n\n\n<div class=\"wp-block-media-text alignwide is-stacked-on-mobile is-vertically-aligned-center is-image-fill\" style=\"grid-template-columns:32% auto\"><figure class=\"wp-block-media-text__media\" style=\"background-image:url(http:\/\/amochlorophylle.be\/wp-content\/uploads\/2022\/09\/Logo-Bulle-web-3-1024x818.jpg);background-position:30% 50%\"><img loading=\"lazy\" decoding=\"async\" width=\"1024\" height=\"818\" src=\"http:\/\/amochlorophylle.be\/wp-content\/uploads\/2022\/09\/Logo-Bulle-web-3-1024x818.jpg\" alt=\". .\" class=\"wp-image-1223 size-full\" srcset=\"https:\/\/amochlorophylle.be\/wp-content\/uploads\/2022\/09\/Logo-Bulle-web-3-1024x818.jpg 1024w, https:\/\/amochlorophylle.be\/wp-content\/uploads\/2022\/09\/Logo-Bulle-web-3-300x240.jpg 300w, https:\/\/amochlorophylle.be\/wp-content\/uploads\/2022\/09\/Logo-Bulle-web-3-768x613.jpg 768w, https:\/\/amochlorophylle.be\/wp-content\/uploads\/2022\/09\/Logo-Bulle-web-3-1536x1226.jpg 1536w, https:\/\/amochlorophylle.be\/wp-content\/uploads\/2022\/09\/Logo-Bulle-web-3-scaled.jpg 2560w\" sizes=\"(max-width: 1024px) 100vw, 1024px\" \/><\/figure><div class=\"wp-block-media-text__content\">\n<p class=\"has-large-font-size\"><\/p>\n<\/div><\/div>\n\n\n\n<p>Le projet \u00ab\u00a0Bulle &#8211; \u00eatre parents\u00a0\u00bb\u00a0 s&rsquo;adresse \u00e0 toute personne ayant un projet de grossesse ou une grossesse d\u00e9j\u00e0 en cours (qu&rsquo;elle soit poursuivie ou non) ou \u00e9tant d\u00e9j\u00e0 parents.  Nous proposons d&rsquo;\u00eatre \u00e0 leurs c\u00f4t\u00e9s et de les soutenir,\u00a0 pour un temps \u00e0 d\u00e9finir avec eux, en vue d&rsquo;un passage serein vers leur(s) nouveau(x) r\u00f4le(s) et assurer une place \u00e0 chacun. <\/p>\n\n\n\n<p>Pour nous contacter : <img loading=\"lazy\" decoding=\"async\" height=\"16\" width=\"16\" src=\"https:\/\/static.xx.fbcdn.net\/images\/emoji.php\/v9\/t57\/1\/16\/1f4f1.png\" alt=\"\ud83d\udcf1\">0470\/88.13.55 ou <mark style=\"background-color:rgba(0, 0, 0, 0)\" class=\"has-inline-color has-vivid-green-cyan-color\">bulleetreparents@gmail.com<\/mark><\/p>\n\n\n\n<p>N&rsquo;h\u00e9sitez pas \u00e0 consulter notre site pour plus de contenus : <a href=\"http:\/\/www.bulleetreparents.be\/?fbclid=IwZXh0bgNhZW0CMTAAAR2nsHgjm-m-p8blW5WubrYvAO64sTZmYK2wcyuU8Gk-IqBc-8PemGHtLDI_aem__MdaCT_2WM-qSxDqHRZaGg\" target=\"_blank\" rel=\"noreferrer noopener\">http:\/\/www.bulleetreparents.be<\/a><\/p>\n\n\n\n<p>Projet en collaboration avec l&rsquo;AMO Inter-Actions de Bertrix.<\/p>\n\n\n\n<figure class=\"wp-block-image size-full is-resized is-style-default\"><img loading=\"lazy\" decoding=\"async\" width=\"2048\" height=\"1536\" data-orig-file=\"https:\/\/amochlorophylle.be\/wp-content\/uploads\/2025\/06\/490776374_122153478344547032_7581847196489126022_n.jpg\" data-attachment-url=\"https:\/\/amochlorophylle.be\/?attachment_id=1397\" data-aspectratio=\"1.33\" data-caption=\"\" data-image-title=\"490776374_122153478344547032_7581847196489126022_n\" data-image-description=\"\" srcset=\"https:\/\/amochlorophylle.be\/wp-content\/uploads\/2025\/06\/490776374_122153478344547032_7581847196489126022_n-300x225.jpg 300w, https:\/\/amochlorophylle.be\/wp-content\/uploads\/2025\/06\/490776374_122153478344547032_7581847196489126022_n-1024x768.jpg 1024w, https:\/\/amochlorophylle.be\/wp-content\/uploads\/2025\/06\/490776374_122153478344547032_7581847196489126022_n-768x576.jpg 768w, https:\/\/amochlorophylle.be\/wp-content\/uploads\/2025\/06\/490776374_122153478344547032_7581847196489126022_n-1536x1152.jpg 1536w, https:\/\/amochlorophylle.be\/wp-content\/uploads\/2025\/06\/490776374_122153478344547032_7581847196489126022_n.jpg 2048w\" src=\"http:\/\/amochlorophylle.be\/wp-content\/uploads\/2025\/06\/490776374_122153478344547032_7581847196489126022_n.jpg\" alt=\". .\" class=\"wp-image-1397\" style=\"width:480px;height:auto\"\/><\/figure>\n\n<script type=\"application\/ld+json\">[\n    {\n        \"@context\": \"https:\/\/schema.org\/\",\n        \"@type\": \"ImageObject\",\n        \"contentUrl\": \"https:\/\/amochlorophylle.be\/wp-content\/uploads\/2025\/06\/490776374_122153478344547032_7581847196489126022_n.jpg\",\n        \"license\": \"\",\n        \"acquireLicensePage\": \"\"\n    }\n]<\/script>\n\n\n<p>Mathilde, Chlo\u00e9, Florian, Pascale, Nathalie, Laetitia et Fran\u00e7oise.<\/p>\n","protected":false},"excerpt":{"rendered":"<p>Le projet \u00ab\u00a0Bulle &#8211; \u00eatre parents\u00a0\u00bb\u00a0 s&rsquo;adresse \u00e0 toute personne ayant un projet de grossesse &hellip; <\/p>\n","protected":false},"author":1,"featured_media":0,"parent":0,"menu_order":0,"comment_status":"closed","ping_status":"closed","template":"","meta":{"footnotes":""},"_links":{"self":[{"href":"https:\/\/amochlorophylle.be\/index.php?rest_route=\/wp\/v2\/pages\/1213"}],"collection":[{"href":"https:\/\/amochlorophylle.be\/index.php?rest_route=\/wp\/v2\/pages"}],"about":[{"href":"https:\/\/amochlorophylle.be\/index.php?rest_route=\/wp\/v2\/types\/page"}],"author":[{"embeddable":true,"href":"https:\/\/amochlorophylle.be\/index.php?rest_route=\/wp\/v2\/users\/1"}],"replies":[{"embeddable":true,"href":"https:\/\/amochlorophylle.be\/index.php?rest_route=%2Fwp%2Fv2%2Fcomments&post=1213"}],"version-history":[{"count":14,"href":"https:\/\/amochlorophylle.be\/index.php?rest_route=\/wp\/v2\/pages\/1213\/revisions"}],"predecessor-version":[{"id":1464,"href":"https:\/\/amochlorophylle.be\/index.php?rest_route=\/wp\/v2\/pages\/1213\/revisions\/1464"}],"wp:attachment":[{"href":"https:\/\/amochlorophylle.be\/index.php?rest_route=%2Fwp%2Fv2%2Fmedia&parent=1213"}],"curies":[{"name":"wp","href":"https:\/\/api.w.org\/{rel}","templated":true}]}}