{"id":1263,"date":"2022-11-30T13:39:07","date_gmt":"2022-11-30T12:39:07","guid":{"rendered":"http:\/\/amochlorophylle.be\/?page_id=1263"},"modified":"2025-06-23T15:39:17","modified_gmt":"2025-06-23T13:39:17","slug":"et-si-cetait-toi","status":"publish","type":"page","link":"https:\/\/amochlorophylle.be\/?page_id=1263","title":{"rendered":"<em><strong>Et si c&rsquo;\u00e9tait toi ? :<\/strong><\/em>"},"content":{"rendered":"\n<p>Animation de sensibilisation sur le th\u00e8me des violences et du harc\u00e8lement.<\/p>\n\n\n\n<p>Confront\u00e9s \u00e0 des jeunes en souffrance en raison de violences subies ou impliqu\u00e9s dans le m\u00e9canisme, nous avons eu envie de cr\u00e9er un outil qui nous permette de venir \u00e0 leur rencontre. L&rsquo;objectif est de les entendre et d&rsquo;aborder ces th\u00e9matiques gr\u00e2ce \u00e0 l\u2019exp\u00e9rimentation fictive de situations douloureuses.<\/p>\n\n\n<div class=\"wp-block-image is-style-default\">\n<figure class=\"alignleft\"><a href=\"http:\/\/amochlorophylle.be\/wp-content\/uploads\/2020\/02\/OKPERSOS2jpeg.jpg\"><img loading=\"lazy\" decoding=\"async\" width=\"150\" height=\"150\" data-orig-file=\"https:\/\/amochlorophylle.be\/wp-content\/uploads\/2020\/02\/OKPERSOS2jpeg.jpg\" data-attachment-url=\"https:\/\/amochlorophylle.be\/?attachment_id=742\" data-aspectratio=\"0.71\" data-caption=\"\" data-image-title=\"OKPERSOS2jpeg\" data-image-description=\"\" srcset=\"https:\/\/amochlorophylle.be\/wp-content\/uploads\/2020\/02\/OKPERSOS2jpeg-212x300.jpg 212w, https:\/\/amochlorophylle.be\/wp-content\/uploads\/2020\/02\/OKPERSOS2jpeg-724x1024.jpg 724w, https:\/\/amochlorophylle.be\/wp-content\/uploads\/2020\/02\/OKPERSOS2jpeg-768x1086.jpg 768w, https:\/\/amochlorophylle.be\/wp-content\/uploads\/2020\/02\/OKPERSOS2jpeg-1086x1536.jpg 1086w, https:\/\/amochlorophylle.be\/wp-content\/uploads\/2020\/02\/OKPERSOS2jpeg-1448x2048.jpg 1448w, https:\/\/amochlorophylle.be\/wp-content\/uploads\/2020\/02\/OKPERSOS2jpeg-1140x1612.jpg 1140w, https:\/\/amochlorophylle.be\/wp-content\/uploads\/2020\/02\/OKPERSOS2jpeg.jpg 1654w\" src=\"http:\/\/amochlorophylle.be\/wp-content\/uploads\/2020\/02\/OKPERSOS2jpeg-150x150.jpg\" alt=\"\" class=\"wp-image-742\"\/><\/a><\/figure><\/div>\n\n\n<p><strong><a href=\"http:\/\/amochlorophylle.be\/wp-content\/uploads\/2020\/02\/Et-si-c\u00e9tait-toi-_.pdf\">Et si c&rsquo;\u00e9tait toi _(affiche)&nbsp;<\/a><\/strong><\/p>\n\n\n\n<p><a href=\"https:\/\/amo-mjcrab.wixsite.com\/et-si-c-etait-toi\">https:\/\/amo-mjcrab.wixsite.com\/et-si-c-etait-toi<\/a><\/p>\n","protected":false},"excerpt":{"rendered":"<p>Animation de sensibilisation sur le th\u00e8me des violences et du harc\u00e8lement. Confront\u00e9s \u00e0 des jeunes &hellip; <\/p>\n","protected":false},"author":1,"featured_media":0,"parent":0,"menu_order":0,"comment_status":"closed","ping_status":"closed","template":"","meta":{"footnotes":""},"_links":{"self":[{"href":"https:\/\/amochlorophylle.be\/index.php?rest_route=\/wp\/v2\/pages\/1263"}],"collection":[{"href":"https:\/\/amochlorophylle.be\/index.php?rest_route=\/wp\/v2\/pages"}],"about":[{"href":"https:\/\/amochlorophylle.be\/index.php?rest_route=\/wp\/v2\/types\/page"}],"author":[{"embeddable":true,"href":"https:\/\/amochlorophylle.be\/index.php?rest_route=\/wp\/v2\/users\/1"}],"replies":[{"embeddable":true,"href":"https:\/\/amochlorophylle.be\/index.php?rest_route=%2Fwp%2Fv2%2Fcomments&post=1263"}],"version-history":[{"count":2,"href":"https:\/\/amochlorophylle.be\/index.php?rest_route=\/wp\/v2\/pages\/1263\/revisions"}],"predecessor-version":[{"id":1384,"href":"https:\/\/amochlorophylle.be\/index.php?rest_route=\/wp\/v2\/pages\/1263\/revisions\/1384"}],"wp:attachment":[{"href":"https:\/\/amochlorophylle.be\/index.php?rest_route=%2Fwp%2Fv2%2Fmedia&parent=1263"}],"curies":[{"name":"wp","href":"https:\/\/api.w.org\/{rel}","templated":true}]}}