{"id":1266,"date":"2022-11-30T13:43:05","date_gmt":"2022-11-30T12:43:05","guid":{"rendered":"http:\/\/amochlorophylle.be\/?page_id=1266"},"modified":"2025-07-02T10:32:09","modified_gmt":"2025-07-02T08:32:09","slug":"cccj-de-leglise","status":"publish","type":"page","link":"https:\/\/amochlorophylle.be\/?page_id=1266","title":{"rendered":"CCCJ de L\u00e9glise"},"content":{"rendered":"\n<div class=\"wp-block-media-text alignwide is-stacked-on-mobile is-style-default\" style=\"grid-template-columns:44% auto\"><figure class=\"wp-block-media-text__media\"><img loading=\"lazy\" decoding=\"async\" width=\"300\" height=\"300\" src=\"http:\/\/amochlorophylle.be\/wp-content\/uploads\/2022\/03\/272630479_688941289154309_5346466393107155633_n-300x300.png\" alt=\". .\" class=\"wp-image-1104 size-full\" srcset=\"https:\/\/amochlorophylle.be\/wp-content\/uploads\/2022\/03\/272630479_688941289154309_5346466393107155633_n-300x300.png 300w, https:\/\/amochlorophylle.be\/wp-content\/uploads\/2022\/03\/272630479_688941289154309_5346466393107155633_n-1024x1024.png 1024w, https:\/\/amochlorophylle.be\/wp-content\/uploads\/2022\/03\/272630479_688941289154309_5346466393107155633_n-150x150.png 150w, https:\/\/amochlorophylle.be\/wp-content\/uploads\/2022\/03\/272630479_688941289154309_5346466393107155633_n-768x768.png 768w, https:\/\/amochlorophylle.be\/wp-content\/uploads\/2022\/03\/272630479_688941289154309_5346466393107155633_n-1536x1536.png 1536w, https:\/\/amochlorophylle.be\/wp-content\/uploads\/2022\/03\/272630479_688941289154309_5346466393107155633_n-1140x1140.png 1140w, https:\/\/amochlorophylle.be\/wp-content\/uploads\/2022\/03\/272630479_688941289154309_5346466393107155633_n-75x75.png 75w, https:\/\/amochlorophylle.be\/wp-content\/uploads\/2022\/03\/272630479_688941289154309_5346466393107155633_n.png 2000w\" sizes=\"(max-width: 300px) 100vw, 300px\" \/><\/figure><div class=\"wp-block-media-text__content\">\n<p class=\"has-text-align-left\">Le 4 novembre 2021, l\u2019AMO Chlorophylle s\u2019est associ\u00e9e au Plan de Coh\u00e9sion Sociale de L\u00e9glise et \u00e0 l\u2019Asbl InforJeunes Lux pour cr\u00e9er un Conseil Consultatif Communal des Jeunes sur la commune de L\u00e9glise. Les jeunes \u00e2g\u00e9s entre 12 et 18 ans peuvent rejoindre ce collectif pour faire entendre leur voix, partager leurs id\u00e9es et d\u00e9velopper des projets aux th\u00e9matiques vari\u00e9es sur cette commune. L\u2019id\u00e9e est \u00e9galement d\u2019am\u00e9liorer la qualit\u00e9 de vie des habitants des villages aux alentours, mais aussi de faire partie d\u2019un groupe de jeunes motiv\u00e9s et encadr\u00e9s par des professionnels du secteur associatif et de la jeunesse. &nbsp;<\/p>\n\n\n\n<p class=\"has-text-align-left\">Les jeunes de la commune de L\u00e9glise int\u00e9ress\u00e9s par ces activit\u00e9s et\/ou projets peuvent nous rejoindre en adressant un mail \u00e0 l\u2019adresse&nbsp;: <a href=\"mailto:pcsleglise@gmail.com\">pcsleglise@gmail.com<\/a>&nbsp;<\/p>\n<\/div><\/div>\n","protected":false},"excerpt":{"rendered":"<p>Le 4 novembre 2021, l\u2019AMO Chlorophylle s\u2019est associ\u00e9e au Plan de Coh\u00e9sion Sociale de L\u00e9glise &hellip; <\/p>\n","protected":false},"author":1,"featured_media":0,"parent":0,"menu_order":0,"comment_status":"closed","ping_status":"closed","template":"","meta":{"footnotes":""},"_links":{"self":[{"href":"https:\/\/amochlorophylle.be\/index.php?rest_route=\/wp\/v2\/pages\/1266"}],"collection":[{"href":"https:\/\/amochlorophylle.be\/index.php?rest_route=\/wp\/v2\/pages"}],"about":[{"href":"https:\/\/amochlorophylle.be\/index.php?rest_route=\/wp\/v2\/types\/page"}],"author":[{"embeddable":true,"href":"https:\/\/amochlorophylle.be\/index.php?rest_route=\/wp\/v2\/users\/1"}],"replies":[{"embeddable":true,"href":"https:\/\/amochlorophylle.be\/index.php?rest_route=%2Fwp%2Fv2%2Fcomments&post=1266"}],"version-history":[{"count":3,"href":"https:\/\/amochlorophylle.be\/index.php?rest_route=\/wp\/v2\/pages\/1266\/revisions"}],"predecessor-version":[{"id":1470,"href":"https:\/\/amochlorophylle.be\/index.php?rest_route=\/wp\/v2\/pages\/1266\/revisions\/1470"}],"wp:attachment":[{"href":"https:\/\/amochlorophylle.be\/index.php?rest_route=%2Fwp%2Fv2%2Fmedia&parent=1266"}],"curies":[{"name":"wp","href":"https:\/\/api.w.org\/{rel}","templated":true}]}}