{"id":538,"date":"2019-09-05T15:57:54","date_gmt":"2019-09-05T13:57:54","guid":{"rendered":"http:\/\/amochlorophylle.be\/?page_id=538"},"modified":"2025-07-01T14:39:02","modified_gmt":"2025-07-01T12:39:02","slug":"animations-2","status":"publish","type":"page","link":"https:\/\/amochlorophylle.be\/?page_id=538","title":{"rendered":"Demande d&rsquo;Animation"},"content":{"rendered":"<h1 style=\"text-align: center;\"><span style=\"display: inline !important; float: none; background-color: transparent; color: #333333; cursor: text; font-family: Georgia,'Times New Roman','Bitstream Charter',Times,serif; font-size: 16px; font-style: normal; font-variant: normal; font-weight: 400; letter-spacing: normal; line-height: 24px; orphans: 2; text-align: left; text-decoration: none; text-indent: 0px; text-transform: none; -webkit-text-stroke-width: 0px; white-space: normal; word-spacing: 0px;\">Vous avez une demande d&rsquo;animation ? <\/span><\/h1>\n<h1 style=\"text-align: center;\"><span style=\"display: inline !important; float: none; background-color: transparent; color: #333333; cursor: text; font-family: Georgia,'Times New Roman','Bitstream Charter',Times,serif; font-size: 16px; font-style: normal; font-variant: normal; font-weight: 400; letter-spacing: normal; line-height: 24px; orphans: 2; text-align: left; text-decoration: none; text-indent: 0px; text-transform: none; -webkit-text-stroke-width: 0px; white-space: normal; word-spacing: 0px;\">Veuillez remplir le document ci-joint et nous le transf\u00e9rer par mail afin que nous puissions r\u00e9pondre au mieux \u00e0 vos attentes \u2192 contact@amochlorophylle.be<\/span><\/h1>\n<p style=\"text-align: center;\"><a href=\"http:\/\/amochlorophylle.be\/wp-content\/uploads\/2020\/02\/AMO-Chlorophylle.docx\">AMO Chlorophylle<\/a><\/p>\n","protected":false},"excerpt":{"rendered":"<p>Vous avez une demande d&rsquo;animation ? Veuillez remplir le document ci-joint et nous le transf\u00e9rer &hellip; <\/p>\n","protected":false},"author":1,"featured_media":0,"parent":0,"menu_order":0,"comment_status":"closed","ping_status":"closed","template":"","meta":{"footnotes":""},"_links":{"self":[{"href":"https:\/\/amochlorophylle.be\/index.php?rest_route=\/wp\/v2\/pages\/538"}],"collection":[{"href":"https:\/\/amochlorophylle.be\/index.php?rest_route=\/wp\/v2\/pages"}],"about":[{"href":"https:\/\/amochlorophylle.be\/index.php?rest_route=\/wp\/v2\/types\/page"}],"author":[{"embeddable":true,"href":"https:\/\/amochlorophylle.be\/index.php?rest_route=\/wp\/v2\/users\/1"}],"replies":[{"embeddable":true,"href":"https:\/\/amochlorophylle.be\/index.php?rest_route=%2Fwp%2Fv2%2Fcomments&post=538"}],"version-history":[{"count":6,"href":"https:\/\/amochlorophylle.be\/index.php?rest_route=\/wp\/v2\/pages\/538\/revisions"}],"predecessor-version":[{"id":1412,"href":"https:\/\/amochlorophylle.be\/index.php?rest_route=\/wp\/v2\/pages\/538\/revisions\/1412"}],"wp:attachment":[{"href":"https:\/\/amochlorophylle.be\/index.php?rest_route=%2Fwp%2Fv2%2Fmedia&parent=538"}],"curies":[{"name":"wp","href":"https:\/\/api.w.org\/{rel}","templated":true}]}}