{"id":553,"date":"2019-09-05T16:59:56","date_gmt":"2019-09-05T14:59:56","guid":{"rendered":"http:\/\/amochlorophylle.be\/?page_id=553"},"modified":"2025-06-23T15:36:51","modified_gmt":"2025-06-23T13:36:51","slug":"espace-jeunes","status":"publish","type":"page","link":"https:\/\/amochlorophylle.be\/?page_id=553","title":{"rendered":"Clic-Tok"},"content":{"rendered":"<p><strong>Description du projet :<\/strong><\/p>\n<p>Le projet Clic Tok consiste en un parcours accompagn\u00e9 d&rsquo;une demi-journ\u00e9e \u00e0 travers la ville \u00e0 la rencontre des services destin\u00e9s aux jeunes.\u00a0<\/p>\n<p>Des capsules vid\u00e9o explicatives des services ont \u00e9t\u00e9 r\u00e9alis\u00e9es par et pour les jeunes.<\/p>\n<p>Chaque jeune repart avec un flyer autocollant reprenant toutes les informations utiles.<\/p>\n<p><strong>Objectifs\u00a0:<\/strong><\/p>\n<p>Le projet Clic Tok a comme objectif principal d&rsquo;informer les jeunes sur les multiples services qui peuvent leur \u00eatre utiles \u00e0 un moment dans leur parcours de vie.<\/p>\n<p>La singularit\u00e9 r\u00e9side dans la d\u00e9marche de d\u00e9placement des jeunes vers les services existants sur le territoire ou \u00e0 proximit\u00e9 afin d&rsquo;en d\u00e9montrer la facilit\u00e9 d&rsquo;acc\u00e8s. La rencontre \u00ab\u00a0physique\u00a0\u00bb avec les travailleurs sociaux contribue \u00e0 l&rsquo;humanisation et la d\u00e9mystification des services ou institutions.<\/p>\n\n\n<div class=\"wp-block-media-text alignwide is-stacked-on-mobile\" style=\"grid-template-columns:30% auto\"><figure class=\"wp-block-media-text__media\"><video controls src=\"http:\/\/amochlorophylle.be\/wp-content\/uploads\/2022\/09\/AMO-1.mp4\"><\/video><\/figure><div class=\"wp-block-media-text__content\">\n<p><\/p>\n<\/div><\/div>\n","protected":false},"excerpt":{"rendered":"<p>Description du projet : Le projet Clic Tok consiste en un parcours accompagn\u00e9 d&rsquo;une demi-journ\u00e9e &hellip; <\/p>\n","protected":false},"author":1,"featured_media":0,"parent":0,"menu_order":0,"comment_status":"closed","ping_status":"closed","template":"","meta":{"footnotes":""},"_links":{"self":[{"href":"https:\/\/amochlorophylle.be\/index.php?rest_route=\/wp\/v2\/pages\/553"}],"collection":[{"href":"https:\/\/amochlorophylle.be\/index.php?rest_route=\/wp\/v2\/pages"}],"about":[{"href":"https:\/\/amochlorophylle.be\/index.php?rest_route=\/wp\/v2\/types\/page"}],"author":[{"embeddable":true,"href":"https:\/\/amochlorophylle.be\/index.php?rest_route=\/wp\/v2\/users\/1"}],"replies":[{"embeddable":true,"href":"https:\/\/amochlorophylle.be\/index.php?rest_route=%2Fwp%2Fv2%2Fcomments&post=553"}],"version-history":[{"count":12,"href":"https:\/\/amochlorophylle.be\/index.php?rest_route=\/wp\/v2\/pages\/553\/revisions"}],"predecessor-version":[{"id":1456,"href":"https:\/\/amochlorophylle.be\/index.php?rest_route=\/wp\/v2\/pages\/553\/revisions\/1456"}],"wp:attachment":[{"href":"https:\/\/amochlorophylle.be\/index.php?rest_route=%2Fwp%2Fv2%2Fmedia&parent=553"}],"curies":[{"name":"wp","href":"https:\/\/api.w.org\/{rel}","templated":true}]}}