{"id":59,"date":"2019-05-03T10:22:34","date_gmt":"2019-05-03T08:22:34","guid":{"rendered":"http:\/\/amochlorophylle.be\/?page_id=59"},"modified":"2025-07-02T11:25:09","modified_gmt":"2025-07-02T09:25:09","slug":"a-propos-de-nous","status":"publish","type":"page","link":"https:\/\/amochlorophylle.be\/","title":{"rendered":"C&rsquo;est quoi l&rsquo;AMO Chlorophylle ?"},"content":{"rendered":"\n<p><\/p>\n\n\n<div class=\"wp-block-image is-style-default\">\n<figure class=\"aligncenter size-large is-resized\"><img loading=\"lazy\" decoding=\"async\" width=\"1024\" height=\"576\" data-orig-file=\"https:\/\/amochlorophylle.be\/wp-content\/uploads\/2025\/07\/Service-non-mandate-non-contraignant-1.png\" data-attachment-url=\"https:\/\/amochlorophylle.be\/?attachment_id=1474\" data-aspectratio=\"1.78\" data-caption=\"\" data-image-title=\"Service-non-mandate-non-contraignant-1\" data-image-description=\"\" srcset=\"https:\/\/amochlorophylle.be\/wp-content\/uploads\/2025\/07\/Service-non-mandate-non-contraignant-1-300x169.png 300w, https:\/\/amochlorophylle.be\/wp-content\/uploads\/2025\/07\/Service-non-mandate-non-contraignant-1-1024x576.png 1024w, https:\/\/amochlorophylle.be\/wp-content\/uploads\/2025\/07\/Service-non-mandate-non-contraignant-1-768x432.png 768w, https:\/\/amochlorophylle.be\/wp-content\/uploads\/2025\/07\/Service-non-mandate-non-contraignant-1.png 1366w\" src=\"https:\/\/amochlorophylle.be\/wp-content\/uploads\/2025\/07\/Service-non-mandate-non-contraignant-1-1024x576.png\" alt=\". .\" class=\"wp-image-1474\" style=\"width:841px;height:auto\"\/><\/figure><\/div>\n\n\n<p class=\"has-text-align-center\"><em>Notre bureau se situe \u00e0 Saint-Hubert et nous travaillons sur les 17 communes de la division de Neufch\u00e2teau. Nous pouvons vous rencontrer dans nos locaux ou nous d\u00e9placer jusqu&rsquo;\u00e0 vous!<\/em><\/p>\n\n\n<div class=\"wp-block-image is-style-default\">\n<figure class=\"aligncenter size-large is-resized\"><img loading=\"lazy\" decoding=\"async\" width=\"959\" height=\"1024\" data-orig-file=\"https:\/\/amochlorophylle.be\/wp-content\/uploads\/2025\/07\/rayon-daction-AMO-1.jpg\" data-attachment-url=\"https:\/\/amochlorophylle.be\/?attachment_id=1476\" data-aspectratio=\"0.94\" data-caption=\"\" data-image-title=\"rayon-daction-AMO-1\" data-image-description=\"\" srcset=\"https:\/\/amochlorophylle.be\/wp-content\/uploads\/2025\/07\/rayon-daction-AMO-1-281x300.jpg 281w, https:\/\/amochlorophylle.be\/wp-content\/uploads\/2025\/07\/rayon-daction-AMO-1-959x1024.jpg 959w, https:\/\/amochlorophylle.be\/wp-content\/uploads\/2025\/07\/rayon-daction-AMO-1-768x820.jpg 768w, https:\/\/amochlorophylle.be\/wp-content\/uploads\/2025\/07\/rayon-daction-AMO-1.jpg 1170w\" src=\"https:\/\/amochlorophylle.be\/wp-content\/uploads\/2025\/07\/rayon-daction-AMO-1-959x1024.jpg\" alt=\". .\" class=\"wp-image-1476\" style=\"width:348px;height:auto\"\/><\/figure><\/div>","protected":false},"excerpt":{"rendered":"<p>Notre bureau se situe \u00e0 Saint-Hubert et nous travaillons sur les 17 communes de la &hellip; <\/p>\n","protected":false},"author":1,"featured_media":0,"parent":0,"menu_order":0,"comment_status":"closed","ping_status":"closed","template":"","meta":{"footnotes":""},"_links":{"self":[{"href":"https:\/\/amochlorophylle.be\/index.php?rest_route=\/wp\/v2\/pages\/59"}],"collection":[{"href":"https:\/\/amochlorophylle.be\/index.php?rest_route=\/wp\/v2\/pages"}],"about":[{"href":"https:\/\/amochlorophylle.be\/index.php?rest_route=\/wp\/v2\/types\/page"}],"author":[{"embeddable":true,"href":"https:\/\/amochlorophylle.be\/index.php?rest_route=\/wp\/v2\/users\/1"}],"replies":[{"embeddable":true,"href":"https:\/\/amochlorophylle.be\/index.php?rest_route=%2Fwp%2Fv2%2Fcomments&post=59"}],"version-history":[{"count":70,"href":"https:\/\/amochlorophylle.be\/index.php?rest_route=\/wp\/v2\/pages\/59\/revisions"}],"predecessor-version":[{"id":1480,"href":"https:\/\/amochlorophylle.be\/index.php?rest_route=\/wp\/v2\/pages\/59\/revisions\/1480"}],"wp:attachment":[{"href":"https:\/\/amochlorophylle.be\/index.php?rest_route=%2Fwp%2Fv2%2Fmedia&parent=59"}],"curies":[{"name":"wp","href":"https:\/\/api.w.org\/{rel}","templated":true}]}}