{"id":686,"date":"2020-02-03T13:36:33","date_gmt":"2020-02-03T12:36:33","guid":{"rendered":"http:\/\/amochlorophylle.be\/?page_id=686"},"modified":"2025-07-08T14:06:28","modified_gmt":"2025-07-08T12:06:28","slug":"espace-parents","status":"publish","type":"page","link":"https:\/\/amochlorophylle.be\/?page_id=686","title":{"rendered":"Liens utiles"},"content":{"rendered":"\n<p><strong>\u2794<\/strong> Trouve l&rsquo;AMO la plus proche de chez toi en F\u00e9d\u00e9ration Wallonie-Bruxelles sur monamo.be! \ud83d\ude0a       <\/p>\n\n\n\n<p>Lien vers le site : <a href=\"https:\/\/monamo.be\/\">Accueil | monamo.be | Aide gratuite aux jeunes et familles<\/a><\/p>\n\n\n\n<p><strong>\u2794<\/strong> D\u00e9couvrez la parole des jeunes \u00e0 travers le r\u00e9cit des Centres PMS <img loading=\"lazy\" decoding=\"async\" height=\"16\" width=\"16\" src=\"https:\/\/static.xx.fbcdn.net\/images\/emoji.php\/v9\/t57\/1\/16\/1f609.png\" alt=\"\ud83d\ude09\"><img loading=\"lazy\" decoding=\"async\" height=\"16\" width=\"16\" src=\"https:\/\/static.xx.fbcdn.net\/images\/emoji.php\/v9\/tfc\/1\/16\/1f44d.png\" alt=\"\ud83d\udc4d\"><\/p>\n\n\n\n<figure class=\"wp-block-embed is-type-rich is-provider-spotify wp-block-embed-spotify wp-embed-aspect-21-9 wp-has-aspect-ratio\"><div class=\"wp-block-embed__wrapper\">\n<iframe title=\"Spotify Embed: Episode 1 \u2013  Quand une violence en cache une autre\" style=\"border-radius: 12px\" width=\"100%\" height=\"152\" frameborder=\"0\" allowfullscreen allow=\"autoplay; clipboard-write; encrypted-media; fullscreen; picture-in-picture\" loading=\"lazy\" src=\"https:\/\/open.spotify.com\/embed\/episode\/0dsXnkSWFjWPfwMpAaDqK0?si=BF3tPCx0TH6n8l9KoNX8iw&#038;utm_source=oembed\"><\/iframe>\n<\/div><\/figure>\n\n\n\n<figure class=\"wp-block-embed is-type-rich is-provider-spotify wp-block-embed-spotify wp-embed-aspect-21-9 wp-has-aspect-ratio\"><div class=\"wp-block-embed__wrapper\">\n<iframe title=\"Spotify Embed: Episode 2 - Entre d\u00e9crochage et espoir\" style=\"border-radius: 12px\" width=\"100%\" height=\"152\" frameborder=\"0\" allowfullscreen allow=\"autoplay; clipboard-write; encrypted-media; fullscreen; picture-in-picture\" loading=\"lazy\" src=\"https:\/\/open.spotify.com\/embed\/episode\/4DYqtApUHDsslv7bf6OTVe?si=axxfCZj0Sx6OUwTOIsWy4w&#038;utm_source=oembed\"><\/iframe>\n<\/div><\/figure>\n\n\n\n<p><\/p>\n\n\n\n<p><\/p>\n\n\n\n<p><strong>\u2794<\/strong> Mieux s\u2019orienter gr\u00e2ce \u00e0 <a href=\"http:\/\/monorientation.be\/?fbclid=IwZXh0bgNhZW0CMTAAAR6JVcQojVbXPyPXVzaFN09Il0KDGa90jFsfSjWpy0HkWjQS8peGu3GYysllkQ_aem_my6aVWToqmb5_oVuCRW-qA\" target=\"_blank\" rel=\"noreferrer noopener\">monorientation.be<\/a><img loading=\"lazy\" decoding=\"async\" height=\"16\" width=\"16\" src=\"https:\/\/static.xx.fbcdn.net\/images\/emoji.php\/v9\/tfc\/1\/16\/1f44d.png\" alt=\"\ud83d\udc4d\"><\/p>\n\n\n\n<p>\u00ab\u00a0Sur <a href=\"https:\/\/l.facebook.com\/l.php?u=http%3A%2F%2Fmonorientation.be%2F%3Ffbclid%3DIwZXh0bgNhZW0CMTAAAR5WPp2MhioIcI_uaaTzL4nCW5LlzOjafP8cZIwmIy647038Ar_O6dAupEmCsg_aem_ek8PkECy04hK84lGO_rfmg&amp;h=AT23RV1lHmmHFBC6Hs49m5Z-s0s8nbJmBXWFJYRiOweV7zyBtoUHcoxu-TDSCrpgIwhKGt0FLHKx4M4Uk88FcggEFAoWuebMXK6rbv-DxbbRCQ-Pr4WU6fMweRsHylSiQQpYln4-BFHEs_QmSJ531T3UWgJpLC05&amp;__tn__=-UK-R&amp;c[0]=AT3Az7dRLYVd-QwiK4BTmsCQGmuSDE42TfiBYsQzU3RGxNs9ecVFXEHAJ2k3akXKopIXut7NnhDWooTp9cLlPEBY_dkx8lqILcOVUbM5f6r4uOMLePTCy-xQExtgMQd3yQaU0R-tQTEfVeszc2erNXaDgzcHGld84eVQVf4tb41RH7UAqnFS\" rel=\"noreferrer noopener\" target=\"_blank\">monorientation.be<\/a>, l\u2019utilisateur &#8211; \u00e9l\u00e8ve, parent, enseignants, professionnel de l&rsquo;orientation scolaire,&#8230; &#8211; peut trouver des informations de qualit\u00e9, mises \u00e0 jour et accessibles \u00e0 toutes et tous. Elles concernent toutes les fili\u00e8res de l\u2019enseignement de transition et de qualification, mais aussi les formations professionnelles, les \u00e9tudes sup\u00e9rieures et les m\u00e9tiers. Une place est donn\u00e9e aux organismes et institutions qui <a><\/a>aident les \u00e9l\u00e8ves dans leur recherche d\u2019information et dans leur orientation.<\/p>\n\n\n\n<p><a href=\"http:\/\/monorientation.be\/?fbclid=IwZXh0bgNhZW0CMTAAAR78rdEOk-yRz_v5etpQGL_bGa1NiRgVKilTCCm_O1tc4T1IJLdbxndyC3r7Tg_aem_nD0JfW9-gaFVfse3RQherw\" target=\"_blank\" rel=\"noreferrer noopener\">Monorientation.be<\/a> propose actuellement diff\u00e9rents contenus et fonctionnalit\u00e9s comme un outil de recherche pour trouver facilement des \u00e9coles, des \u00e9tudes, des options et des formations et une vue interactive permettant de se situer dans un parcours scolaire.\u00a0\u00bb<\/p>\n\n\n\n<p><\/p>\n\n\n\n<p><\/p>\n\n\n\n<p><strong>\u2794<\/strong> D\u00e9couvrez le Podcast \u00ab\u00a0\u00catre parent c&rsquo;est&#8230;\u00a0\u00bb de Yapaka! Des t\u00e9moignages, des questionnements des r\u00e9flexions, &#8230; et surtout des moments de vie.<\/p>\n\n\n\n<figure class=\"wp-block-embed is-type-rich is-provider-spotify wp-block-embed-spotify wp-embed-aspect-21-9 wp-has-aspect-ratio\"><div class=\"wp-block-embed__wrapper\">\n<iframe title=\"Spotify Embed: Episode 34 \u2013 Pierre\" style=\"border-radius: 12px\" width=\"100%\" height=\"152\" frameborder=\"0\" allowfullscreen allow=\"autoplay; clipboard-write; encrypted-media; fullscreen; picture-in-picture\" loading=\"lazy\" src=\"https:\/\/open.spotify.com\/embed\/show\/4mRguw1uaddWbYwanr22So?si=0bb5915fa5104479&#038;utm_source=oembed\"><\/iframe>\n<\/div><\/figure>\n\n\n\n<p><strong>\u2794<\/strong> Tu te poses des questions quant \u00e0 tes droits en tant qu&rsquo;enfant, adolescent ou jeune adulte? Il existe des AMO sp\u00e9cialis\u00e9es dans l&rsquo;aide juridique ; le Service Droit des Jeunes (SDJ).<\/p>\n\n\n\n<p>Voici le lien vers leur site internet qui contient des fiches pratiques sur divers sujets \ud83d\ude42  <\/p>\n\n\n\n<p><a href=\"https:\/\/www.sdj.be\/infos-juridiques\/\">Infos Juridiques &#8211; Service Droit des Jeunes<\/a><\/p>\n","protected":false},"excerpt":{"rendered":"<p>\u2794 Trouve l&rsquo;AMO la plus proche de chez toi en F\u00e9d\u00e9ration Wallonie-Bruxelles sur monamo.be! \ud83d\ude0a &hellip; <\/p>\n","protected":false},"author":1,"featured_media":0,"parent":0,"menu_order":0,"comment_status":"closed","ping_status":"closed","template":"","meta":{"footnotes":""},"_links":{"self":[{"href":"https:\/\/amochlorophylle.be\/index.php?rest_route=\/wp\/v2\/pages\/686"}],"collection":[{"href":"https:\/\/amochlorophylle.be\/index.php?rest_route=\/wp\/v2\/pages"}],"about":[{"href":"https:\/\/amochlorophylle.be\/index.php?rest_route=\/wp\/v2\/types\/page"}],"author":[{"embeddable":true,"href":"https:\/\/amochlorophylle.be\/index.php?rest_route=\/wp\/v2\/users\/1"}],"replies":[{"embeddable":true,"href":"https:\/\/amochlorophylle.be\/index.php?rest_route=%2Fwp%2Fv2%2Fcomments&post=686"}],"version-history":[{"count":16,"href":"https:\/\/amochlorophylle.be\/index.php?rest_route=\/wp\/v2\/pages\/686\/revisions"}],"predecessor-version":[{"id":1548,"href":"https:\/\/amochlorophylle.be\/index.php?rest_route=\/wp\/v2\/pages\/686\/revisions\/1548"}],"wp:attachment":[{"href":"https:\/\/amochlorophylle.be\/index.php?rest_route=%2Fwp%2Fv2%2Fmedia&parent=686"}],"curies":[{"name":"wp","href":"https:\/\/api.w.org\/{rel}","templated":true}]}}